{"id":103,"date":"2025-08-22T10:15:55","date_gmt":"2025-08-22T07:15:55","guid":{"rendered":"https:\/\/www.tkd-valkeakoski.fi\/?page_id=103"},"modified":"2025-08-22T10:54:03","modified_gmt":"2025-08-22T07:54:03","slug":"taekwon-do","status":"publish","type":"page","link":"https:\/\/www.tkd-valkeakoski.fi\/index.php\/taekwon-do\/","title":{"rendered":"Taekwon-Do   \ud0dc\uad8c\ub3c4"},"content":{"rendered":"\n<h2 class=\"wp-block-heading\">Yleisesti<\/h2>\n\n\n\n<p>Taekwon-Do on korealaista alkuper\u00e4\u00e4 oleva kamppailulaji, joka suomennettuna tarkoittaa <em>jalan ja k\u00e4den tiet\u00e4<\/em>. Yksinkertaistettuna Taekwon-Do on versio aseettomasta taistelusta, joka on suunniteltu itsepuolustustarkoitukseen. Sen eri osa-alueita ovat liikesarjat, ottelut, murskaus ja itsepuolustus (tarkemmin <a href=\"https:\/\/taekwon-do.fi\/taekwon-do\/taekwon-don-osa-alueet\/\" target=\"_blank\" rel=\"noreferrer noopener\">liiton sivuilta<\/a>). Lajissa on mahdollista my\u00f6s kilpailla. Naisille ja miehille on omat sarjansa, joiden lis\u00e4ksi vy\u00f6arvoille ja painoluokille (ottelut) on erilliset sarjat.<\/p>\n\n\n\n<h2 class=\"wp-block-heading\">Historia<\/h2>\n\n\n\n<p>K\u00e4sien ja jalkojen k\u00e4ytt\u00f6 taistelussa juontaa juurensa Kaukoid\u00e4n historiasta, jossa miehitt\u00e4j\u00e4t usein kielsiv\u00e4t miehitetyilt\u00e4 kansoilta kaikenlaisten aseiden hallussapidon. Koska Korea oli vuoristoista seutua, ihmisten jalkalihakset olivat vaikeakulkuisesta maastosta ja paljosta liikkumisesta johtuen luonnostaan vahvoja. Potkutekniikat olivat paikallisille luonnollinen keino puolustautua vihollisia vastaan. Taekwon-Do perustuu ikivanhojen korealaisten lajien tekniikoihin, jotka kenraali Choi Hong Hi (1918\u20132002) kehitti nykyaikaiseen muotoon.&nbsp;<\/p>\n\n\n\n<p>Virallinen nimi, Taekwon-Do, annettiin lajille 11.4.1955. Kansainv\u00e4linen maailmanliitto, International Taekwon-Do Federation (<a href=\"https:\/\/itftkd.sport\/\">ITF<\/a>), perustettiin 22.3.1966.\u00a0Suomeen Taekwon-Do saapui vuonna 1986. Suomen ITF Taekwon-Do ry (<a href=\"https:\/\/taekwon-do.fi\/liitto\/\" target=\"_blank\" rel=\"noreferrer noopener\">SITF<\/a>) on vuonna 1987 perustettu ITF Taekwon-Don kansallinen lajiliitto. Valkeakoskella Taekwon-Doa on harjoiteltu vuodesta 1988 l\u00e4htien.<\/p>\n\n\n\n<h2 class=\"wp-block-heading\">Filosofia<\/h2>\n\n\n\n<p>Siin\u00e4 miss\u00e4 monissa tavanomaisissa urheilulajeissa pyrit\u00e4\u00e4n voittamaan vastustaja tai muut kilpailijat, Taekwon-Dossa opetellaan kohtaamaan useita erilaisia haasteita. Monesti vaikein vastustaja, jonka el\u00e4m\u00e4ss\u00e4 kohtaamme, olemme me itse.<\/p>\n\n\n\n<p>Taekwon-Dossa oppilaita opetetaan ottamaan vastustajaksi omat fyysiset ja henkiset rajoitukset, oma ep\u00e4varmuus, laiskuus, huolet ja pelot. Taekwon-Dossa on opittava taistelemaan itse\u00e4\u00e4n vastaan fyysisen kurin, sek\u00e4 sellaisten arvojen avulla, joiden tavoitteena on rakentaa parempia yksil\u00f6it\u00e4, yhteis\u00f6\u00e4 ja yhteiskuntaa.<\/p>\n\n\n\n<figure class=\"wp-block-image size-large\"><img loading=\"lazy\" decoding=\"async\" width=\"1024\" height=\"573\" src=\"https:\/\/www.tkd-valkeakoski.fi\/wp-content\/uploads\/2025\/08\/IMG20250614172503-scaled-e1755766536242-1024x573.jpg\" alt=\"\" class=\"wp-image-17\" srcset=\"https:\/\/www.tkd-valkeakoski.fi\/wp-content\/uploads\/2025\/08\/IMG20250614172503-scaled-e1755766536242-1024x573.jpg 1024w, https:\/\/www.tkd-valkeakoski.fi\/wp-content\/uploads\/2025\/08\/IMG20250614172503-scaled-e1755766536242-300x168.jpg 300w, https:\/\/www.tkd-valkeakoski.fi\/wp-content\/uploads\/2025\/08\/IMG20250614172503-scaled-e1755766536242-768x430.jpg 768w, https:\/\/www.tkd-valkeakoski.fi\/wp-content\/uploads\/2025\/08\/IMG20250614172503-scaled-e1755766536242.jpg 1097w\" sizes=\"auto, (max-width: 1024px) 100vw, 1024px\" \/><\/figure>\n\n\n\n<p class=\"has-text-align-center\">&#8230;<\/p>\n","protected":false},"excerpt":{"rendered":"<p>Yleisesti Taekwon-Do on korealaista alkuper\u00e4\u00e4 oleva kamppailulaji, joka suomennettuna tarkoittaa jalan ja k\u00e4den tiet\u00e4. Yksinkertaistettuna Taekwon-Do on versio aseettomasta taistelusta, joka on suunniteltu itsepuolustustarkoitukseen. Sen eri osa-alueita ovat liikesarjat, ottelut, murskaus ja itsepuolustus (tarkemmin liiton sivuilta). Lajissa on mahdollista my\u00f6s kilpailla. Naisille ja miehille on omat sarjansa, joiden lis\u00e4ksi vy\u00f6arvoille ja painoluokille (ottelut) on erilliset [&hellip;]<\/p>\n","protected":false},"author":2,"featured_media":0,"parent":0,"menu_order":0,"comment_status":"closed","ping_status":"closed","template":"","meta":{"footnotes":""},"class_list":["post-103","page","type-page","status-publish","hentry"],"_links":{"self":[{"href":"https:\/\/www.tkd-valkeakoski.fi\/index.php\/wp-json\/wp\/v2\/pages\/103","targetHints":{"allow":["GET"]}}],"collection":[{"href":"https:\/\/www.tkd-valkeakoski.fi\/index.php\/wp-json\/wp\/v2\/pages"}],"about":[{"href":"https:\/\/www.tkd-valkeakoski.fi\/index.php\/wp-json\/wp\/v2\/types\/page"}],"author":[{"embeddable":true,"href":"https:\/\/www.tkd-valkeakoski.fi\/index.php\/wp-json\/wp\/v2\/users\/2"}],"replies":[{"embeddable":true,"href":"https:\/\/www.tkd-valkeakoski.fi\/index.php\/wp-json\/wp\/v2\/comments?post=103"}],"version-history":[{"count":7,"href":"https:\/\/www.tkd-valkeakoski.fi\/index.php\/wp-json\/wp\/v2\/pages\/103\/revisions"}],"predecessor-version":[{"id":121,"href":"https:\/\/www.tkd-valkeakoski.fi\/index.php\/wp-json\/wp\/v2\/pages\/103\/revisions\/121"}],"wp:attachment":[{"href":"https:\/\/www.tkd-valkeakoski.fi\/index.php\/wp-json\/wp\/v2\/media?parent=103"}],"curies":[{"name":"wp","href":"https:\/\/api.w.org\/{rel}","templated":true}]}}