{"id":129,"date":"2025-08-22T12:09:09","date_gmt":"2025-08-22T09:09:09","guid":{"rendered":"https:\/\/www.tkd-valkeakoski.fi\/?page_id=129"},"modified":"2026-02-04T00:39:56","modified_gmt":"2026-02-03T21:39:56","slug":"meidan-seura","status":"publish","type":"page","link":"https:\/\/www.tkd-valkeakoski.fi\/index.php\/meidan-seura\/","title":{"rendered":"Meid\u00e4n seura"},"content":{"rendered":"\n<p>Valkeakosken ITF Taekwon-Do ry on Valkeakoskella toimiva urheiluseura. Seura on perustettu v. 1988. Olemme Suomen ITF Taekwon-Do ry:n j\u00e4senseura.<br><\/p>\n\n\n\n<h2 class=\"wp-block-heading\">Ohjaajat<\/h2>\n\n\n\n<p>Kaikki ohjaajat tavoittaa s\u00e4hk\u00f6postilla: <a href=\"mailto:ohjaajat@tkd-valkeakoski.fi\">ohjaajat@tkd-valkeakoski.fi<\/a><\/p>\n\n\n\n<p><a href=\"https:\/\/www.tkd-valkeakoski.fi\/index.php\/harjoitukset\/\" data-type=\"page\" data-id=\"63\">Kaudella 25-26<\/a> ohjaajina toimivat:<\/p>\n\n\n\n<ul class=\"wp-block-list\">\n<li>Timo Tikkala, 2. dan (vastuuohjaaja)<\/li>\n\n\n\n<li>Samuli Jyr\u00e4nen, 2. dan<\/li>\n\n\n\n<li>Tomi Heikkil\u00e4, 1. dan<\/li>\n\n\n\n<li>Kimmo Sakko, 1. dan<\/li>\n\n\n\n<li>Jyri Salminen, 4. gup<\/li>\n<\/ul>\n\n\n\n<p>Seuran graduoivana mestarina toimii Mikko Allinniemi 8. dan.<\/p>\n\n\n\n<p><\/p>\n\n\n\n<h2 class=\"wp-block-heading\">Seuran hallitus<\/h2>\n\n\n\n<p><strong>Puheenjohtaja<\/strong><\/p>\n\n\n\n<p><\/p>\n\n\n\n<ul class=\"wp-block-list\">\n<li>Timo Tikkala, p. 040-355 1002, sp. <a href=\"mailto:pj@tkd-valkeakoski.fi\">pj@tkd-valkeakoski.fi<\/a><\/li>\n<\/ul>\n\n\n\n<figure class=\"wp-block-image size-full\"><img loading=\"lazy\" decoding=\"async\" width=\"1024\" height=\"876\" src=\"https:\/\/www.tkd-valkeakoski.fi\/wp-content\/uploads\/2026\/02\/4dbd6136-8e42-41f3-85f7-d36eadde0627-e1770154769643.png\" alt=\"\" class=\"wp-image-235\" srcset=\"https:\/\/www.tkd-valkeakoski.fi\/wp-content\/uploads\/2026\/02\/4dbd6136-8e42-41f3-85f7-d36eadde0627-e1770154769643.png 1024w, https:\/\/www.tkd-valkeakoski.fi\/wp-content\/uploads\/2026\/02\/4dbd6136-8e42-41f3-85f7-d36eadde0627-e1770154769643-300x257.png 300w, https:\/\/www.tkd-valkeakoski.fi\/wp-content\/uploads\/2026\/02\/4dbd6136-8e42-41f3-85f7-d36eadde0627-e1770154769643-768x657.png 768w\" sizes=\"auto, (max-width: 1024px) 100vw, 1024px\" \/><\/figure>\n\n\n\n<p><\/p>\n","protected":false},"excerpt":{"rendered":"<p>Valkeakosken ITF Taekwon-Do ry on Valkeakoskella toimiva urheiluseura. Seura on perustettu v. 1988. Olemme Suomen ITF Taekwon-Do ry:n j\u00e4senseura. Ohjaajat Kaikki ohjaajat tavoittaa s\u00e4hk\u00f6postilla: ohjaajat@tkd-valkeakoski.fi Kaudella 25-26 ohjaajina toimivat: Seuran graduoivana mestarina toimii Mikko Allinniemi 8. dan. Seuran hallitus Puheenjohtaja<\/p>\n","protected":false},"author":2,"featured_media":0,"parent":0,"menu_order":0,"comment_status":"closed","ping_status":"closed","template":"","meta":{"footnotes":""},"class_list":["post-129","page","type-page","status-publish","hentry"],"_links":{"self":[{"href":"https:\/\/www.tkd-valkeakoski.fi\/index.php\/wp-json\/wp\/v2\/pages\/129","targetHints":{"allow":["GET"]}}],"collection":[{"href":"https:\/\/www.tkd-valkeakoski.fi\/index.php\/wp-json\/wp\/v2\/pages"}],"about":[{"href":"https:\/\/www.tkd-valkeakoski.fi\/index.php\/wp-json\/wp\/v2\/types\/page"}],"author":[{"embeddable":true,"href":"https:\/\/www.tkd-valkeakoski.fi\/index.php\/wp-json\/wp\/v2\/users\/2"}],"replies":[{"embeddable":true,"href":"https:\/\/www.tkd-valkeakoski.fi\/index.php\/wp-json\/wp\/v2\/comments?post=129"}],"version-history":[{"count":8,"href":"https:\/\/www.tkd-valkeakoski.fi\/index.php\/wp-json\/wp\/v2\/pages\/129\/revisions"}],"predecessor-version":[{"id":238,"href":"https:\/\/www.tkd-valkeakoski.fi\/index.php\/wp-json\/wp\/v2\/pages\/129\/revisions\/238"}],"wp:attachment":[{"href":"https:\/\/www.tkd-valkeakoski.fi\/index.php\/wp-json\/wp\/v2\/media?parent=129"}],"curies":[{"name":"wp","href":"https:\/\/api.w.org\/{rel}","templated":true}]}}