{"id":63,"date":"2025-08-21T14:46:20","date_gmt":"2025-08-21T11:46:20","guid":{"rendered":"https:\/\/www.tkd-valkeakoski.fi\/?page_id=63"},"modified":"2026-02-06T12:26:54","modified_gmt":"2026-02-06T09:26:54","slug":"harjoitukset","status":"publish","type":"page","link":"https:\/\/www.tkd-valkeakoski.fi\/index.php\/harjoitukset\/","title":{"rendered":"Harjoitusvuorot"},"content":{"rendered":"\n<p>Kaikki harjoitukset pidet\u00e4\u00e4n Valkeakoskella <a href=\"https:\/\/maps.app.goo.gl\/1bUJ5NULqqAmzJKf9\">K\u00e4rjenniemen koululla<\/a>. <\/p>\n\n\n\n<p>Harjoitusvuoroja on varattu tarpeen mukaan. Nyt kaudelle 2025-2026 on varattu nelj\u00e4 vuoroa:<\/p>\n\n\n\n<ul class=\"wp-block-list\">\n<li>Tiistai klo 18:00-19:30<\/li>\n\n\n\n<li>Keskiviikko klo 17:30-19:00<\/li>\n\n\n\n<li>Perjantai klo 18:00-19:30<\/li>\n\n\n\n<li>Lauantai klo 12:00-13:30<\/li>\n<\/ul>\n\n\n\n<p>Mahdolliset peruutukset kerrotaan seuran Whatsapp-ryhm\u00e4ss\u00e4.<\/p>\n\n\n\n<p>Tervetuloa!<\/p>\n\n\n\n<figure class=\"wp-block-image size-large\"><img loading=\"lazy\" decoding=\"async\" width=\"1024\" height=\"1022\" src=\"https:\/\/www.tkd-valkeakoski.fi\/wp-content\/uploads\/2025\/08\/reeni-1024x1022.jpg\" alt=\"\" class=\"wp-image-137\" srcset=\"https:\/\/www.tkd-valkeakoski.fi\/wp-content\/uploads\/2025\/08\/reeni-1024x1022.jpg 1024w, https:\/\/www.tkd-valkeakoski.fi\/wp-content\/uploads\/2025\/08\/reeni-300x300.jpg 300w, https:\/\/www.tkd-valkeakoski.fi\/wp-content\/uploads\/2025\/08\/reeni-150x150.jpg 150w, https:\/\/www.tkd-valkeakoski.fi\/wp-content\/uploads\/2025\/08\/reeni-768x767.jpg 768w, https:\/\/www.tkd-valkeakoski.fi\/wp-content\/uploads\/2025\/08\/reeni-1536x1533.jpg 1536w, https:\/\/www.tkd-valkeakoski.fi\/wp-content\/uploads\/2025\/08\/reeni.jpg 1714w\" sizes=\"auto, (max-width: 1024px) 100vw, 1024px\" \/><\/figure>\n\n\n\n<p class=\"has-text-align-center\"><strong>&#8230;<\/strong><\/p>\n\n\n\n<p><\/p>\n","protected":false},"excerpt":{"rendered":"<p>Kaikki harjoitukset pidet\u00e4\u00e4n Valkeakoskella K\u00e4rjenniemen koululla. Harjoitusvuoroja on varattu tarpeen mukaan. Nyt kaudelle 2025-2026 on varattu nelj\u00e4 vuoroa: Mahdolliset peruutukset kerrotaan seuran Whatsapp-ryhm\u00e4ss\u00e4. Tervetuloa! &#8230;<\/p>\n","protected":false},"author":1,"featured_media":0,"parent":0,"menu_order":0,"comment_status":"closed","ping_status":"closed","template":"","meta":{"footnotes":""},"class_list":["post-63","page","type-page","status-publish","hentry"],"_links":{"self":[{"href":"https:\/\/www.tkd-valkeakoski.fi\/index.php\/wp-json\/wp\/v2\/pages\/63","targetHints":{"allow":["GET"]}}],"collection":[{"href":"https:\/\/www.tkd-valkeakoski.fi\/index.php\/wp-json\/wp\/v2\/pages"}],"about":[{"href":"https:\/\/www.tkd-valkeakoski.fi\/index.php\/wp-json\/wp\/v2\/types\/page"}],"author":[{"embeddable":true,"href":"https:\/\/www.tkd-valkeakoski.fi\/index.php\/wp-json\/wp\/v2\/users\/1"}],"replies":[{"embeddable":true,"href":"https:\/\/www.tkd-valkeakoski.fi\/index.php\/wp-json\/wp\/v2\/comments?post=63"}],"version-history":[{"count":10,"href":"https:\/\/www.tkd-valkeakoski.fi\/index.php\/wp-json\/wp\/v2\/pages\/63\/revisions"}],"predecessor-version":[{"id":241,"href":"https:\/\/www.tkd-valkeakoski.fi\/index.php\/wp-json\/wp\/v2\/pages\/63\/revisions\/241"}],"wp:attachment":[{"href":"https:\/\/www.tkd-valkeakoski.fi\/index.php\/wp-json\/wp\/v2\/media?parent=63"}],"curies":[{"name":"wp","href":"https:\/\/api.w.org\/{rel}","templated":true}]}}