{"id":72,"date":"2025-08-21T15:16:30","date_gmt":"2025-08-21T12:16:30","guid":{"rendered":"https:\/\/www.tkd-valkeakoski.fi\/?page_id=72"},"modified":"2026-02-06T12:32:44","modified_gmt":"2026-02-06T09:32:44","slug":"aloita-taekwon-do","status":"publish","type":"page","link":"https:\/\/www.tkd-valkeakoski.fi\/index.php\/aloita-taekwon-do\/","title":{"rendered":"Aloita Taekwon-Do!"},"content":{"rendered":"\n<p>Aloita uusi harrastus <a href=\"https:\/\/www.tkd-valkeakoski.fi\/index.php\/taekwon-do\/\" data-type=\"page\" data-id=\"103\">hienon kamppailulajin<\/a> parissa. Jos haluat tulla tutustumaan lajiin, <a href=\"https:\/\/www.tkd-valkeakoski.fi\/index.php\/meidan-seura\/\" data-type=\"page\" data-id=\"129\">OTA YHTEYTT\u00c4<\/a>!<br><\/p>\n\n\n\n<h3 class=\"wp-block-heading\">Miksi harjoitella Taekwon-Doa?<\/h3>\n\n\n\n<p>Taekwon-Do tarjoaa ainutlaatuisen yhdistelm\u00e4n fyysist\u00e4 harjoittelua, henkist\u00e4 kehittymist\u00e4 ja yhteis\u00f6llisyytt\u00e4. Lajin parissa:<\/p>\n\n\n\n<p>\u2714 Kehit\u00e4t taitoa ja kuntoa<br>\u2714 Opit itsepuolustustaitoja ja mielenhallintaa<br>\u2714 Saat monipuolista liikuntaa ja mahdollisuuden edet\u00e4 vy\u00f6arvoissa<br>\u2714 P\u00e4\u00e4set osaksi kannustavaa ja innostavaa yhteis\u00f6\u00e4<\/p>\n\n\n\n<figure class=\"wp-block-image size-large\"><img loading=\"lazy\" decoding=\"async\" width=\"1024\" height=\"683\" src=\"https:\/\/www.tkd-valkeakoski.fi\/wp-content\/uploads\/2026\/02\/file_00000000a3c071f4a4034459901117dc-1024x683.png\" alt=\"\" class=\"wp-image-232\" srcset=\"https:\/\/www.tkd-valkeakoski.fi\/wp-content\/uploads\/2026\/02\/file_00000000a3c071f4a4034459901117dc-1024x683.png 1024w, https:\/\/www.tkd-valkeakoski.fi\/wp-content\/uploads\/2026\/02\/file_00000000a3c071f4a4034459901117dc-300x200.png 300w, https:\/\/www.tkd-valkeakoski.fi\/wp-content\/uploads\/2026\/02\/file_00000000a3c071f4a4034459901117dc-768x512.png 768w, https:\/\/www.tkd-valkeakoski.fi\/wp-content\/uploads\/2026\/02\/file_00000000a3c071f4a4034459901117dc.png 1536w\" sizes=\"auto, (max-width: 1024px) 100vw, 1024px\" \/><\/figure>\n\n\n\n<p class=\"has-text-align-center\">&#8230;<\/p>\n","protected":false},"excerpt":{"rendered":"<p>Aloita uusi harrastus hienon kamppailulajin parissa. Jos haluat tulla tutustumaan lajiin, OTA YHTEYTT\u00c4! Miksi harjoitella Taekwon-Doa? Taekwon-Do tarjoaa ainutlaatuisen yhdistelm\u00e4n fyysist\u00e4 harjoittelua, henkist\u00e4 kehittymist\u00e4 ja yhteis\u00f6llisyytt\u00e4. Lajin parissa: \u2714 Kehit\u00e4t taitoa ja kuntoa\u2714 Opit itsepuolustustaitoja ja mielenhallintaa\u2714 Saat monipuolista liikuntaa ja mahdollisuuden edet\u00e4 vy\u00f6arvoissa\u2714 P\u00e4\u00e4set osaksi kannustavaa ja innostavaa yhteis\u00f6\u00e4 &#8230;<\/p>\n","protected":false},"author":1,"featured_media":0,"parent":0,"menu_order":0,"comment_status":"closed","ping_status":"closed","template":"","meta":{"footnotes":""},"class_list":["post-72","page","type-page","status-publish","hentry"],"_links":{"self":[{"href":"https:\/\/www.tkd-valkeakoski.fi\/index.php\/wp-json\/wp\/v2\/pages\/72","targetHints":{"allow":["GET"]}}],"collection":[{"href":"https:\/\/www.tkd-valkeakoski.fi\/index.php\/wp-json\/wp\/v2\/pages"}],"about":[{"href":"https:\/\/www.tkd-valkeakoski.fi\/index.php\/wp-json\/wp\/v2\/types\/page"}],"author":[{"embeddable":true,"href":"https:\/\/www.tkd-valkeakoski.fi\/index.php\/wp-json\/wp\/v2\/users\/1"}],"replies":[{"embeddable":true,"href":"https:\/\/www.tkd-valkeakoski.fi\/index.php\/wp-json\/wp\/v2\/comments?post=72"}],"version-history":[{"count":9,"href":"https:\/\/www.tkd-valkeakoski.fi\/index.php\/wp-json\/wp\/v2\/pages\/72\/revisions"}],"predecessor-version":[{"id":245,"href":"https:\/\/www.tkd-valkeakoski.fi\/index.php\/wp-json\/wp\/v2\/pages\/72\/revisions\/245"}],"wp:attachment":[{"href":"https:\/\/www.tkd-valkeakoski.fi\/index.php\/wp-json\/wp\/v2\/media?parent=72"}],"curies":[{"name":"wp","href":"https:\/\/api.w.org\/{rel}","templated":true}]}}